{"id":5569,"date":"2025-04-16T14:10:55","date_gmt":"2025-04-16T14:10:55","guid":{"rendered":"https:\/\/www.campingvaldecesse.com\/tourisme-occitanie\/"},"modified":"2026-05-05T07:27:01","modified_gmt":"2026-05-05T07:27:01","slug":"turismo-occitanie","status":"publish","type":"page","link":"https:\/\/www.campingvaldecesse.com\/es\/turismo-occitanie\/","title":{"rendered":"Regi\u00f3n"},"content":{"rendered":"","protected":false},"excerpt":{"rendered":"","protected":false},"author":1,"featured_media":5570,"parent":0,"menu_order":0,"comment_status":"closed","ping_status":"closed","template":"","meta":{"_seopress_robots_primary_cat":"","_seopress_titles_title":"Turismo en Occitanie: los pueblos m\u00e1s bonitos, visitas y actividades","_seopress_titles_desc":"Descubre la regi\u00f3n de Occitanie desde el Camping Le Val de Cesse en Mirepe\u00efsset: ciudades emblem\u00e1ticas, castillos, vi\u00f1edos, playas y actividades en la naturaleza. Explora el patrimonio de la regi\u00f3n, las excursiones y la gastronom\u00eda local con la familia y los amigos. ","_seopress_robots_index":"","_gt_ctv_global_id":"11848","_gt_ctv_id_group":false,"inline_featured_image":false,"gt_fse_maillage_image":"https:\/\/www.campingvaldecesse.com\/wp-content\/uploads\/2025\/11\/camping-proche-de-carcassonne.jpg","gt_fse_maillage_titre":"Regi\u00f3n","gt_fse_maillage_alt":"camping cerca de carcassonne","gt_fse_maillage_resume":"","footnotes":""},"categories":[],"tags":[],"class_list":["post-5569","page","type-page","status-publish","has-post-thumbnail","hentry"],"_links":{"self":[{"href":"https:\/\/www.campingvaldecesse.com\/es\/wp-json\/wp\/v2\/pages\/5569","targetHints":{"allow":["GET"]}}],"collection":[{"href":"https:\/\/www.campingvaldecesse.com\/es\/wp-json\/wp\/v2\/pages"}],"about":[{"href":"https:\/\/www.campingvaldecesse.com\/es\/wp-json\/wp\/v2\/types\/page"}],"author":[{"embeddable":true,"href":"https:\/\/www.campingvaldecesse.com\/es\/wp-json\/wp\/v2\/users\/1"}],"replies":[{"embeddable":true,"href":"https:\/\/www.campingvaldecesse.com\/es\/wp-json\/wp\/v2\/comments?post=5569"}],"version-history":[{"count":1,"href":"https:\/\/www.campingvaldecesse.com\/es\/wp-json\/wp\/v2\/pages\/5569\/revisions"}],"predecessor-version":[{"id":5953,"href":"https:\/\/www.campingvaldecesse.com\/es\/wp-json\/wp\/v2\/pages\/5569\/revisions\/5953"}],"wp:featuredmedia":[{"embeddable":true,"href":"https:\/\/www.campingvaldecesse.com\/es\/wp-json\/wp\/v2\/media\/5570"}],"wp:attachment":[{"href":"https:\/\/www.campingvaldecesse.com\/es\/wp-json\/wp\/v2\/media?parent=5569"}],"wp:term":[{"taxonomy":"category","embeddable":true,"href":"https:\/\/www.campingvaldecesse.com\/es\/wp-json\/wp\/v2\/categories?post=5569"},{"taxonomy":"post_tag","embeddable":true,"href":"https:\/\/www.campingvaldecesse.com\/es\/wp-json\/wp\/v2\/tags?post=5569"}],"curies":[{"name":"wp","href":"https:\/\/api.w.org\/{rel}","templated":true}]}}